{"id":31,"date":"2021-03-05T13:04:23","date_gmt":"2021-03-05T12:04:23","guid":{"rendered":"http:\/\/adhonores.alsace\/?page_id=31"},"modified":"2024-07-06T14:37:49","modified_gmt":"2024-07-06T12:37:49","slug":"contact","status":"publish","type":"page","link":"https:\/\/adhonores.alsace\/index.php\/contact\/","title":{"rendered":"CONTACT"},"content":{"rendered":"\n<h1 class=\"wp-block-heading\">CONTACT<\/h1>\n\n\n\n<hr class=\"wp-block-separator has-css-opacity\"\/>\n\n\n\n<h3 class=\"wp-block-heading has-text-color\" style=\"color:#004b98\">Association Ad-Honores | R\u00e9seau Alsace <\/h3>\n\n\n\n<p>5 rue du Nideck 67000 Strasbourg<\/p>\n\n\n\n<p><a href=\"https:\/\/adhonores.alsace\/index.php\/mentions-legales\/\">Politique de confidentialit\u00e9 et mentions l\u00e9gales.<\/a><\/p>\n\n\n\n<h3 class=\"wp-block-heading has-text-color\" style=\"color:#004b98\">Pour contacter la pr\u00e9sidence de l&rsquo;association, utilisez ce formulaire.<\/h3>\n\n\n<div id=\"pl-gb31-69e18162d6d57\"  class=\"panel-layout wp-block-siteorigin-panels-layout-block panel-layout\" ><div id=\"pg-gb31-69e18162d6d57-0\"  class=\"panel-grid panel-no-style\" ><div id=\"pgc-gb31-69e18162d6d57-0-0\"  class=\"panel-grid-cell\" ><div id=\"panel-gb31-69e18162d6d57-0-0-0\" class=\"so-panel widget widget_sow-contact-form panel-first-child panel-last-child widgetopts-SO\" data-index=\"0\" ><div\n\t\t\t\n\t\t\tclass=\"so-widget-sow-contact-form so-widget-sow-contact-form-default-32fcb55d15e1-31\"\n\t\t\t\n\t\t>\t<form\n\t\taction=\"\/index.php\/wp-json\/wp\/v2\/pages\/31\"\n\t\tmethod=\"POST\"\n\t\tclass=\"sow-contact-form\"\n\t\tid=\"contact-form-f828\"\n\t>\n\n\t\t\n\t\t\t\t\t<div class=\"sow-form-field sow-form-field-name\">\n\t\t\t\t<label class=\"sow-form-field-label-above\" for=\"sow-contact-form-field-votre-nom-et-votre-prenom-1\">\n\t\t\t\t<strong>\n\t\t\t\t\tVotre nom et votre pr\u00e9nom\t\t\t\t\t\t\t\t\t<\/strong>\n\t\t\t<\/label>\n\t\t\t\t\t\t\t<div class=\"sow-field-container\">\n\t\t\t\t\t\t\t<input\n\t\t\ttype=\"text\"\n\t\t\tname=\"votre-nom-et-votre-prenom-1\"\n\t\t\tid=\"sow-contact-form-field-votre-nom-et-votre-prenom-1\"\n\t\t\tvalue=\"\"\n\t\t\tclass=\"sow-text-field\"\n\t\t\t\t\t\t\t\t\/>\n\t\t\t\t\t\t<\/div>\n\t\t\t\t\t\t\t<\/div>\n\t\t\t\t\t\t<div class=\"sow-form-field sow-form-field-email\">\n\t\t\t\t<label class=\"sow-form-field-label-above\" for=\"sow-contact-form-field-votre-adresse-de-messagerie-1\">\n\t\t\t\t<strong>\n\t\t\t\t\tVotre adresse de messagerie\t\t\t\t\t\t\t\t\t<\/strong>\n\t\t\t<\/label>\n\t\t\t\t\t\t\t<div class=\"sow-field-container\">\n\t\t\t\t\t\t\t<input\n\t\t\ttype=\"email\"\n\t\t\tname=\"votre-adresse-de-messagerie-1\"\n\t\t\tid=\"sow-contact-form-field-votre-adresse-de-messagerie-1\"\n\t\t\tvalue=\"\"\n\t\t\tclass=\"sow-text-field\"\t\t\t\t\t\t\t\t\/>\n\t\t\t\t\t\t<\/div>\n\t\t\t\t\t\t\t<\/div>\n\t\t\t\t\t\t<div class=\"sow-form-field sow-form-field-subject\">\n\t\t\t\t<label class=\"sow-form-field-label-above\" for=\"sow-contact-form-field-sujet-1\">\n\t\t\t\t<strong>\n\t\t\t\t\tSujet\t\t\t\t\t\t\t\t\t<\/strong>\n\t\t\t<\/label>\n\t\t\t\t\t\t\t<div class=\"sow-field-container\">\n\t\t\t\t\t\t\t<input\n\t\t\ttype=\"text\"\n\t\t\tname=\"sujet-1\"\n\t\t\tid=\"sow-contact-form-field-sujet-1\"\n\t\t\tvalue=\"\"\n\t\t\tclass=\"sow-text-field\"\n\t\t\t\t\t\t\t\t\/>\n\t\t\t\t\t\t<\/div>\n\t\t\t\t\t\t\t<\/div>\n\t\t\t\t\t\t<div class=\"sow-form-field sow-form-field-textarea\">\n\t\t\t\t<label class=\"sow-form-field-label-above\" for=\"sow-contact-form-field-message-1\">\n\t\t\t\t<strong>\n\t\t\t\t\tMessage\t\t\t\t\t\t\t\t\t<\/strong>\n\t\t\t<\/label>\n\t\t\t\t\t\t\t<div class=\"sow-field-container\">\n\t\t\t\t\t\t\t<textarea\n\t\t\tname=\"message-1\"\n\t\t\tid=\"sow-contact-form-field-message-1\"\n\t\t\trows=\"10\"\n\t\t\t\t\t\t\t\t><\/textarea>\n\t\t\t\t\t\t<\/div>\n\t\t\t\t\t\t\t<\/div>\n\t\t\t\t\t\t<div class=\"sow-form-field sow-form-field-checkboxes\">\n\t\t\t\t<label class=\"sow-form-field-label-above\" for=\"sow-contact-form-field-politique-de-confidentialite-1\">\n\t\t\t\t<strong>\n\t\t\t\t\tPolitique de confidentialit\u00e9\t\t\t\t\t\t\t\t\t<\/strong>\n\t\t\t<\/label>\n\t\t\t\t\t\t\t<div class=\"sow-field-container\">\n\t\t\t\t\t\t\t\t<ul>\n\t\t\t\t\t\t\t\t\t\t\t\t\t\t<li>\n\t\t\t\t\t\t<input\n\t\t\t\t\t\t\ttype=\"checkbox\"\n\t\t\t\t\t\t\tvalue=\"Je consens au recueil de mes informations par Ad Honores Alsace.\"\n\t\t\t\t\t\t\tname=\"politique-de-confidentialite-1[]\"\n\t\t\t\t\t\t\tid=\"sow-contact-form-field-politique-de-confidentialite-1-0\"\n\t\t\t\t\t\t\t\t\t\t\t\t\t\taria-describedby=\"sow-contact-form-field-politique-de-confidentialite-1-description\" \t\t\t\t\t\t\/>\n\t\t\t\t\t\t<label for=\"sow-contact-form-field-politique-de-confidentialite-1-0\">\n\t\t\t\t\t\t\tJe consens au recueil de mes informations par Ad Honores Alsace.\t\t\t\t\t\t<\/label>\n\t\t\t\t\t<\/li>\n\t\t\t\t\t\t\t<\/ul>\n\t\t\t\t\t\t\t\t<div\n\t\t\t\t\t\t\tclass=\"sow-form-field-description\"\n\t\t\t\t\t\t\tid=\"sow-contact-form-field-politique-de-confidentialite-1-description\"\n\t\t\t\t\t\t>\n\t\t\t\t\t\t\tCe formulaire permet de nous contacter. En le remplissant vous consentez au recueil des informations demand\u00e9es et \u00e0 minima au donn\u00e9es personnelles suivantes : nom pr\u00e9nom adresse mail ainsi que toute information que vous indiquerez dans votre message. La base l\u00e9gale du recueil de ces informations est celui du consentement cit\u00e9 \u00e0  l\u2019article 6.1a du RGPD. Le d\u00e9tail du traitement de ces donn\u00e9es (finalit\u00e9, responsable, sous-traitant, dur\u00e9es de conservation) ainsi que vos droits et leur modalit\u00e9 d\u2019exercice sont consultables dans nos mentions l\u00e9gales. \t\t\t\t\t\t<\/div>\n\t\t\t\t\t\t\t\t\t\t<\/div>\n\t\t\t\t\t\t\t<\/div>\n\t\t\t\n\t\t\t\t\t<div class=\"sow-recaptcha\"\n\t\t\t\t\t\t\t\t\tdata-config=\"{&quot;sitekey&quot;:&quot;6Le-KKwaAAAAAIHk2f3XnFFh7oAtrAVIIJIKtT7s&quot;,&quot;theme&quot;:&quot;light&quot;,&quot;type&quot;:&quot;image&quot;,&quot;size&quot;:&quot;normal&quot;}\"\n\t\t\t\t\t\t\t><\/div>\n\t\t\t\n\t\t<div class=\"sow-submit-wrapper \n\t\tsow-submit-styled\t\t\">\n\n\t\t\t<button\n\t\t\t\ttype=\"submit\"\n\t\t\t\tclass=\"sow-submit\n\t\t\t\t\t\t\t\t\"\n\t\t\t\t\t\t\t>\n\t\t\t\tContactez-nous\t\t\t<\/button>\n\t\t<\/div>\n\t\t\t\t<input\n\t\t\ttype=\"hidden\"\n\t\t\tname=\"instance_hash-1\"\n\t\t\tvalue=\"f8289cf6\"\n\t\t\/>\n\n\t\t<input type=\"hidden\" id=\"_wpnonce\" name=\"_wpnonce\" value=\"89f340a85c\" \/><input type=\"hidden\" name=\"_wp_http_referer\" value=\"\/index.php\/wp-json\/wp\/v2\/pages\/31\" \/>\t<\/form>\n\t<\/div><\/div><\/div><\/div><\/div>\n\n\n<p><\/p>\n\n\n\n<iframe src=\"https:\/\/www.google.com\/maps\/embed?pb=!1m18!1m12!1m3!1d5593.497997233975!2d7.731851340159589!3d48.57576834228024!2m3!1f0!2f0!3f0!3m2!1i1024!2i768!4f13.1!3m3!1m2!1s0x4796c9b5f6ddbbab%3A0x7253dbd2f259e594!2s5%20Rue%20du%20Nideck%2C%2067000%20Strasbourg!5e0!3m2!1sfr!2sfr!4v1618566218233!5m2!1sfr!2sfr\" width=\"100%\" height=\"450\" style=\"border:0;\" allowfullscreen=\"\" loading=\"lazy\"><\/iframe>\n","protected":false},"excerpt":{"rendered":"<p>CONTACT Association Ad-Honores | R\u00e9seau Alsace 5 rue du Nideck 67000 Strasbourg Politique de confidentialit\u00e9 et mentions l\u00e9gales. Pour contacter la pr\u00e9sidence de l&rsquo;association, utilisez ce formulaire.<\/p>\n","protected":false},"author":1,"featured_media":0,"parent":0,"menu_order":0,"comment_status":"closed","ping_status":"closed","template":"page-templates\/page-full-width.php","meta":{"footnotes":""},"class_list":["post-31","page","type-page","status-publish","hentry"],"_links":{"self":[{"href":"https:\/\/adhonores.alsace\/index.php\/wp-json\/wp\/v2\/pages\/31","targetHints":{"allow":["GET"]}}],"collection":[{"href":"https:\/\/adhonores.alsace\/index.php\/wp-json\/wp\/v2\/pages"}],"about":[{"href":"https:\/\/adhonores.alsace\/index.php\/wp-json\/wp\/v2\/types\/page"}],"author":[{"embeddable":true,"href":"https:\/\/adhonores.alsace\/index.php\/wp-json\/wp\/v2\/users\/1"}],"replies":[{"embeddable":true,"href":"https:\/\/adhonores.alsace\/index.php\/wp-json\/wp\/v2\/comments?post=31"}],"version-history":[{"count":27,"href":"https:\/\/adhonores.alsace\/index.php\/wp-json\/wp\/v2\/pages\/31\/revisions"}],"predecessor-version":[{"id":2111,"href":"https:\/\/adhonores.alsace\/index.php\/wp-json\/wp\/v2\/pages\/31\/revisions\/2111"}],"wp:attachment":[{"href":"https:\/\/adhonores.alsace\/index.php\/wp-json\/wp\/v2\/media?parent=31"}],"curies":[{"name":"wp","href":"https:\/\/api.w.org\/{rel}","templated":true}]}}