{"id":62,"date":"2021-03-16T11:05:56","date_gmt":"2021-03-16T10:05:56","guid":{"rendered":"https:\/\/adhonores.alsace\/?page_id=62"},"modified":"2024-11-27T16:03:35","modified_gmt":"2024-11-27T15:03:35","slug":"cadets-de-gendarmerie-partenaires","status":"publish","type":"page","link":"https:\/\/adhonores.alsace\/index.php\/cadets-de-gendarmerie-partenaires\/","title":{"rendered":"CADETS &#8211; PARTENAIRES"},"content":{"rendered":"\n<h1 class=\"wp-block-heading\">CADETS &#8211; PARTENAIRES<\/h1>\n\n\n\n<hr class=\"wp-block-separator has-css-opacity is-style-wide\"\/>\n\n\n\n<div class=\"wp-block-columns is-layout-flex wp-container-core-columns-is-layout-9d6595d7 wp-block-columns-is-layout-flex\">\n<div class=\"wp-block-column is-layout-flow wp-block-column-is-layout-flow\" style=\"flex-basis:33.33%\">\n<figure class=\"wp-block-image size-full\"><img loading=\"lazy\" decoding=\"async\" width=\"400\" height=\"300\" src=\"https:\/\/adhonores.alsace\/wp-content\/uploads\/2023\/05\/REGION-GDEST-2023.jpg\" alt=\"\" class=\"wp-image-1842\" srcset=\"https:\/\/adhonores.alsace\/wp-content\/uploads\/2023\/05\/REGION-GDEST-2023.jpg 400w, https:\/\/adhonores.alsace\/wp-content\/uploads\/2023\/05\/REGION-GDEST-2023-300x225.jpg 300w\" sizes=\"auto, (max-width: 400px) 100vw, 400px\" \/><\/figure>\n<\/div>\n\n\n\n<div class=\"wp-block-column is-layout-flow wp-block-column-is-layout-flow\" style=\"flex-basis:66.66%\">\n<h2 class=\"wp-block-heading\">REGION GRAND EST<\/h2>\n\n\n\n<p><a href=\"https:\/\/www.grandest.fr\/\" target=\"_blank\" rel=\"noreferrer noopener\">www.grandest.fr<\/a><\/p>\n<\/div>\n<\/div>\n\n\n\n<div class=\"wp-block-columns is-layout-flex wp-container-core-columns-is-layout-9d6595d7 wp-block-columns-is-layout-flex\">\n<div class=\"wp-block-column is-layout-flow wp-block-column-is-layout-flow\" style=\"flex-basis:33.33%\">\n<figure class=\"wp-block-image size-large\"><img loading=\"lazy\" decoding=\"async\" width=\"400\" height=\"300\" src=\"https:\/\/adhonores.alsace\/wp-content\/uploads\/2021\/06\/BARRAL.jpg\" alt=\"\" class=\"wp-image-1347\" srcset=\"https:\/\/adhonores.alsace\/wp-content\/uploads\/2021\/06\/BARRAL.jpg 400w, https:\/\/adhonores.alsace\/wp-content\/uploads\/2021\/06\/BARRAL-300x225.jpg 300w\" sizes=\"auto, (max-width: 400px) 100vw, 400px\" \/><\/figure>\n<\/div>\n\n\n\n<div class=\"wp-block-column is-layout-flow wp-block-column-is-layout-flow\" style=\"flex-basis:66.66%\">\n<h2 class=\"wp-block-heading\">BARRAL TECHNOLOGIES<\/h2>\n\n\n\n<p>5 avenue de la Gare &#8211; 68250 Rouffach<\/p>\n\n\n\n<p><a rel=\"noreferrer noopener\" href=\"http:\/\/barral-technologies.com\/\" target=\"_blank\">www.barral-technologies.com<\/a><\/p>\n\n\n\n<p>Barral d\u00e9veloppe une gamme de solutions textiles de filtration qui vous prot\u00e8geront dans toutes les situations. Nous sommes&nbsp;<strong>six entrepreneurs<\/strong>&nbsp;qui se sont mobilis\u00e9s en 2020 pour r\u00e9pondre \u00e0 la demande massive de masques barri\u00e8res dans le cadre de la crise du Coronavirus.&nbsp;<\/p>\n<\/div>\n<\/div>\n\n\n\n<div class=\"wp-block-columns is-layout-flex wp-container-core-columns-is-layout-9d6595d7 wp-block-columns-is-layout-flex\">\n<div class=\"wp-block-column is-layout-flow wp-block-column-is-layout-flow\" style=\"flex-basis:33.33%\">\n<figure class=\"wp-block-image size-large\"><img loading=\"lazy\" decoding=\"async\" width=\"400\" height=\"300\" src=\"https:\/\/adhonores.alsace\/wp-content\/uploads\/2021\/05\/3-MA-GROUP.jpg\" alt=\"\" class=\"wp-image-1108\" srcset=\"https:\/\/adhonores.alsace\/wp-content\/uploads\/2021\/05\/3-MA-GROUP.jpg 400w, https:\/\/adhonores.alsace\/wp-content\/uploads\/2021\/05\/3-MA-GROUP-300x225.jpg 300w\" sizes=\"auto, (max-width: 400px) 100vw, 400px\" \/><\/figure>\n\n\n\n<p><\/p>\n<\/div>\n\n\n\n<div class=\"wp-block-column is-layout-flow wp-block-column-is-layout-flow\" style=\"flex-basis:66.66%\">\n<h3 class=\"wp-block-heading\">3 MA GROUP<\/h3>\n\n\n\n<p>9 rue Manfred Behr &#8211; 68250 Rouffach<\/p>\n\n\n\n<p><a rel=\"noreferrer noopener\" href=\"https:\/\/www.3magroup.com\/\" target=\"_blank\">www.3magroup.com<\/a><\/p>\n\n\n\n<p>3ma group est une soci\u00e9t\u00e9 de marketing services 100% int\u00e9gr\u00e9e, r\u00e9solument tourn\u00e9e vers le digital, la relation client et la data. L&rsquo;entreprise cr\u00e9e, pilote et fait interagir l\u2019ensemble des canaux de communication vers un m\u00eame objectif : accro\u00eetre l\u2019activit\u00e9 de ses clients. Cette capacit\u00e9 se traduit au quotidien par l\u2019apport en r\u00e9flexion strat\u00e9gique globale jusqu\u2019\u00e0 la r\u00e9alisation et la diffusion de l\u2019ensemble des supports.<\/p>\n<\/div>\n<\/div>\n\n\n\n<div class=\"wp-block-columns is-layout-flex wp-container-core-columns-is-layout-9d6595d7 wp-block-columns-is-layout-flex\">\n<div class=\"wp-block-column is-layout-flow wp-block-column-is-layout-flow\" style=\"flex-basis:33.33%\">\n<figure class=\"wp-block-image size-large\"><img loading=\"lazy\" decoding=\"async\" width=\"400\" height=\"300\" src=\"https:\/\/adhonores.alsace\/wp-content\/uploads\/2021\/05\/CEGELEC.jpg\" alt=\"\" class=\"wp-image-1110\" srcset=\"https:\/\/adhonores.alsace\/wp-content\/uploads\/2021\/05\/CEGELEC.jpg 400w, https:\/\/adhonores.alsace\/wp-content\/uploads\/2021\/05\/CEGELEC-300x225.jpg 300w\" sizes=\"auto, (max-width: 400px) 100vw, 400px\" \/><\/figure>\n<\/div>\n\n\n\n<div class=\"wp-block-column is-layout-flow wp-block-column-is-layout-flow\" style=\"flex-basis:66.66%\">\n<h2 class=\"wp-block-heading\">CEGELEC ALSACE<\/h2>\n\n\n\n<p>1 rue des Vosges CS 70012 &#8211; 68350 DIDENHEIM<\/p>\n\n\n\n<p><a href=\"https:\/\/www.cegelec-alsace.com\/\" target=\"_blank\" rel=\"noreferrer noopener\">www.cegelec-alsace.com<\/a><\/p>\n\n\n\n<p>Cegelec Alsace est une soci\u00e9t\u00e9 constitu\u00e9e des deux entreprises Cegelec Strasbourg et Cegelec Alsace Sud. La vocation de Cegelec est d\u2019accompagner les clients dans la conception et la r\u00e9alisation d\u2019installations \u00e9lectriques, performantes, fiables et \u00e9volutives.<\/p>\n<\/div>\n<\/div>\n\n\n\n<div class=\"wp-block-columns is-layout-flex wp-container-core-columns-is-layout-9d6595d7 wp-block-columns-is-layout-flex\">\n<div class=\"wp-block-column is-layout-flow wp-block-column-is-layout-flow\" style=\"flex-basis:33.33%\">\n<figure class=\"wp-block-image size-large\"><img loading=\"lazy\" decoding=\"async\" width=\"400\" height=\"300\" src=\"https:\/\/adhonores.alsace\/wp-content\/uploads\/2021\/05\/SECURITAS.jpg\" alt=\"\" class=\"wp-image-1111\" srcset=\"https:\/\/adhonores.alsace\/wp-content\/uploads\/2021\/05\/SECURITAS.jpg 400w, https:\/\/adhonores.alsace\/wp-content\/uploads\/2021\/05\/SECURITAS-300x225.jpg 300w\" sizes=\"auto, (max-width: 400px) 100vw, 400px\" \/><\/figure>\n<\/div>\n\n\n\n<div class=\"wp-block-column is-layout-flow wp-block-column-is-layout-flow\" style=\"flex-basis:66.66%\">\n<h2 class=\"wp-block-heading\">SECURITAS<\/h2>\n\n\n\n<p><a rel=\"noreferrer noopener\" href=\"https:\/\/www.securitas.fr\/\" target=\"_blank\">www.securitas.fr<\/a><\/p>\n\n\n\n<p>Pour prot\u00e9ger le personnel et les locaux, Securitas met en place des solutions de s\u00fbret\u00e9 et de protection adapt\u00e9es aux entreprises pour pr\u00e9venir les risques li\u00e9s \u00e0 la malveillance. De la pr\u00e9vention \u00e0 l\u2019intervention en passant par la formation et le conseil, Securitas accompagne les entreprises dans l\u2019\u00e9laboration et le pilotage de la s\u00e9curit\u00e9 de leur \u00e9tablissement.<\/p>\n<\/div>\n<\/div>\n\n\n\n<div class=\"wp-block-columns is-layout-flex wp-container-core-columns-is-layout-9d6595d7 wp-block-columns-is-layout-flex\">\n<div class=\"wp-block-column is-layout-flow wp-block-column-is-layout-flow\" style=\"flex-basis:33.33%\">\n<figure class=\"wp-block-image size-large\"><img loading=\"lazy\" decoding=\"async\" width=\"400\" height=\"300\" src=\"https:\/\/adhonores.alsace\/wp-content\/uploads\/2021\/05\/bets-immo.jpg\" alt=\"\" class=\"wp-image-1119\" srcset=\"https:\/\/adhonores.alsace\/wp-content\/uploads\/2021\/05\/bets-immo.jpg 400w, https:\/\/adhonores.alsace\/wp-content\/uploads\/2021\/05\/bets-immo-300x225.jpg 300w\" sizes=\"auto, (max-width: 400px) 100vw, 400px\" \/><\/figure>\n<\/div>\n\n\n\n<div class=\"wp-block-column is-layout-flow wp-block-column-is-layout-flow\" style=\"flex-basis:66.66%\">\n<h2 class=\"wp-block-heading\">B&amp;S IMMOBILIER<\/h2>\n\n\n\n<p>5, avenue de la Paix &#8211; Simone Veil &#8211; 67000 Strasbourg<\/p>\n\n\n\n<p><a rel=\"noreferrer noopener\" href=\"http:\/\/www.bsimmobilier.net\" target=\"_blank\">www.bsimmobilier.net<\/a><\/p>\n\n\n\n<p><strong>B&amp;S IMMOBILIER<\/strong>&nbsp;est une&nbsp;<strong>agence Familiale Strasbourgeoise<\/strong> implant\u00e9e sur Strasbourg depuis 2006. L&rsquo;agence g\u00e8re la gestion locative, les transactions immobili\u00e8res et l&rsquo;activit\u00e9 de syndic de copropri\u00e9t\u00e9.<\/p>\n<\/div>\n<\/div>\n\n\n\n<div class=\"wp-block-columns is-layout-flex wp-container-core-columns-is-layout-9d6595d7 wp-block-columns-is-layout-flex\">\n<div class=\"wp-block-column is-layout-flow wp-block-column-is-layout-flow\" style=\"flex-basis:33.33%\">\n<figure class=\"wp-block-image size-large\"><img loading=\"lazy\" decoding=\"async\" width=\"400\" height=\"300\" src=\"https:\/\/adhonores.alsace\/wp-content\/uploads\/2021\/06\/MULHOUSE.jpg\" alt=\"\" class=\"wp-image-1283\" srcset=\"https:\/\/adhonores.alsace\/wp-content\/uploads\/2021\/06\/MULHOUSE.jpg 400w, https:\/\/adhonores.alsace\/wp-content\/uploads\/2021\/06\/MULHOUSE-300x225.jpg 300w\" sizes=\"auto, (max-width: 400px) 100vw, 400px\" \/><\/figure>\n<\/div>\n\n\n\n<div class=\"wp-block-column is-layout-flow wp-block-column-is-layout-flow\" style=\"flex-basis:66.66%\">\n<h2 class=\"wp-block-heading\">MULHOUSE ALSACE AGGLOMERATION<\/h2>\n\n\n\n<p><a href=\"https:\/\/www.mulhouse-alsace.fr\/\" target=\"_blank\" rel=\"noreferrer noopener\">www.mulhouse-alsace.fr<\/a><\/p>\n\n\n\n<p>Compos\u00e9e de 39 communes et plus de&nbsp;<strong>275 000 habitants<\/strong>, soit plus d\u2019un tiers de la population du Haut-Rhin, m2A est la 20e communaut\u00e9 d\u2019agglom\u00e9ration fran\u00e7aise.<\/p>\n<\/div>\n<\/div>\n\n\n\n<div class=\"wp-block-columns is-layout-flex wp-container-core-columns-is-layout-9d6595d7 wp-block-columns-is-layout-flex\">\n<div class=\"wp-block-column is-layout-flow wp-block-column-is-layout-flow\" style=\"flex-basis:33.33%\">\n<figure class=\"wp-block-image size-full\"><img loading=\"lazy\" decoding=\"async\" width=\"400\" height=\"300\" src=\"https:\/\/adhonores.alsace\/wp-content\/uploads\/2021\/10\/amis-gendarmerie.jpg\" alt=\"\" class=\"wp-image-1500\" srcset=\"https:\/\/adhonores.alsace\/wp-content\/uploads\/2021\/10\/amis-gendarmerie.jpg 400w, https:\/\/adhonores.alsace\/wp-content\/uploads\/2021\/10\/amis-gendarmerie-300x225.jpg 300w\" sizes=\"auto, (max-width: 400px) 100vw, 400px\" \/><\/figure>\n<\/div>\n\n\n\n<div class=\"wp-block-column is-layout-flow wp-block-column-is-layout-flow\" style=\"flex-basis:66.66%\">\n<h2 class=\"wp-block-heading\">AMIS DE LA GENDARMERIE<\/h2>\n\n\n\n<p>Association reconnue d\u2019int\u00e9r\u00eat g\u00e9n\u00e9ral, Les Amis de la Gendarmerie ont \u00e9t\u00e9 cr\u00e9\u00e9es en 1932 pour promouvoir \u00ab&nbsp;la Pr\u00e9sence et le Prestige de la Gendarmerie&nbsp;\u00bb.<\/p>\n\n\n\n<p>Elle est ouverte \u00e0 toute personne qui se reconnait dans les valeurs de la Gendarmerie nationale et qui veut les porter, les d\u00e9fendre et les transmettre.<\/p>\n\n\n\n<p>Les Amis de la Gendarmerie ont pour vocation principale de faire connaitre, faire appr\u00e9cier et soutenir la Gendarmerie nationale au sein de la soci\u00e9t\u00e9 civile.<br><br><\/p>\n<\/div>\n<\/div>\n\n\n\n<div class=\"wp-block-columns is-layout-flex wp-container-core-columns-is-layout-9d6595d7 wp-block-columns-is-layout-flex\">\n<div class=\"wp-block-column is-layout-flow wp-block-column-is-layout-flow\" style=\"flex-basis:33.33%\">\n<figure class=\"wp-block-image size-full\"><img loading=\"lazy\" decoding=\"async\" width=\"400\" height=\"300\" src=\"https:\/\/adhonores.alsace\/wp-content\/uploads\/2021\/10\/link.jpg\" alt=\"\" class=\"wp-image-1508\" srcset=\"https:\/\/adhonores.alsace\/wp-content\/uploads\/2021\/10\/link.jpg 400w, https:\/\/adhonores.alsace\/wp-content\/uploads\/2021\/10\/link-300x225.jpg 300w\" sizes=\"auto, (max-width: 400px) 100vw, 400px\" \/><\/figure>\n<\/div>\n\n\n\n<div class=\"wp-block-column is-layout-flow wp-block-column-is-layout-flow\" style=\"flex-basis:66.66%\">\n<h2 class=\"wp-block-heading\">LINK \/ ENTREPRISES ET TERRITORIES<\/h2>\n\n\n\n<p><a href=\"https:\/\/www.link-et.eu\/\" target=\"_blank\" rel=\"noreferrer noopener\">www.link-et.eu<\/a><\/p>\n\n\n\n<p>Link accompagne les entreprises dans leur&nbsp; d\u00e9veloppement \u00e0 l\u2019international, en les aidant \u00e0 identifier et s\u00e9lectionner efficacement, dans les pays cibles, les partenaires ou les clients qui correspondent le mieux \u00e0 leur strat\u00e9gie (produits, services, ou projets).<\/p>\n\n\n\n<p>Gr\u00e2ce \u00e0 leur exp\u00e9rience, Link intervient principalement dans les secteurs \u00e0 fort contenu technologique.<\/p>\n<\/div>\n<\/div>\n\n\n\n<div class=\"wp-block-columns is-layout-flex wp-container-core-columns-is-layout-9d6595d7 wp-block-columns-is-layout-flex\">\n<div class=\"wp-block-column is-layout-flow wp-block-column-is-layout-flow\" style=\"flex-basis:33.33%\">\n<figure class=\"wp-block-image size-full\"><img loading=\"lazy\" decoding=\"async\" width=\"400\" height=\"300\" src=\"https:\/\/adhonores.alsace\/wp-content\/uploads\/2021\/10\/prefet-Haut-Rhin.png\" alt=\"\" class=\"wp-image-1503\" srcset=\"https:\/\/adhonores.alsace\/wp-content\/uploads\/2021\/10\/prefet-Haut-Rhin.png 400w, https:\/\/adhonores.alsace\/wp-content\/uploads\/2021\/10\/prefet-Haut-Rhin-300x225.png 300w\" sizes=\"auto, (max-width: 400px) 100vw, 400px\" \/><\/figure>\n<\/div>\n\n\n\n<div class=\"wp-block-column is-layout-flow wp-block-column-is-layout-flow\" style=\"flex-basis:66.66%\">\n<h2 class=\"wp-block-heading\">PREFECTURE DU HAUT-RHIN<\/h2>\n\n\n\n<p><a href=\"https:\/\/www.haut-rhin.gouv.fr\/\" target=\"_blank\" rel=\"noreferrer noopener\">www.haut-rhin.gouv.fr<\/a><\/p>\n<\/div>\n<\/div>\n\n\n\n<div class=\"wp-block-columns is-layout-flex wp-container-core-columns-is-layout-9d6595d7 wp-block-columns-is-layout-flex\">\n<div class=\"wp-block-column is-layout-flow wp-block-column-is-layout-flow\" style=\"flex-basis:33.33%\">\n<figure class=\"wp-block-image size-full\"><img loading=\"lazy\" decoding=\"async\" width=\"400\" height=\"300\" src=\"https:\/\/adhonores.alsace\/wp-content\/uploads\/2024\/03\/PREF-67.jpg\" alt=\"\" class=\"wp-image-2011\" srcset=\"https:\/\/adhonores.alsace\/wp-content\/uploads\/2024\/03\/PREF-67.jpg 400w, https:\/\/adhonores.alsace\/wp-content\/uploads\/2024\/03\/PREF-67-300x225.jpg 300w\" sizes=\"auto, (max-width: 400px) 100vw, 400px\" \/><\/figure>\n<\/div>\n\n\n\n<div class=\"wp-block-column is-layout-flow wp-block-column-is-layout-flow\" style=\"flex-basis:66.66%\">\n<h2 class=\"wp-block-heading\">PREFECTURE DU BAS-RHIN<\/h2>\n\n\n\n<p><a href=\"https:\/\/www.bas-rhin.gouv.fr\/\">www.bas-rhin.gouv.fr\/<\/a><\/p>\n<\/div>\n<\/div>\n\n\n\n<div class=\"wp-block-columns is-layout-flex wp-container-core-columns-is-layout-9d6595d7 wp-block-columns-is-layout-flex\">\n<div class=\"wp-block-column is-layout-flow wp-block-column-is-layout-flow\" style=\"flex-basis:33.33%\">\n<figure class=\"wp-block-image size-full\"><img loading=\"lazy\" decoding=\"async\" width=\"400\" height=\"300\" src=\"https:\/\/adhonores.alsace\/wp-content\/uploads\/2022\/04\/LOGO-152-RI.jpg\" alt=\"\" class=\"wp-image-1670\" srcset=\"https:\/\/adhonores.alsace\/wp-content\/uploads\/2022\/04\/LOGO-152-RI.jpg 400w, https:\/\/adhonores.alsace\/wp-content\/uploads\/2022\/04\/LOGO-152-RI-300x225.jpg 300w\" sizes=\"auto, (max-width: 400px) 100vw, 400px\" \/><\/figure>\n<\/div>\n\n\n\n<div class=\"wp-block-column is-layout-flow wp-block-column-is-layout-flow\" style=\"flex-basis:66.66%\">\n<h2 class=\"wp-block-heading\">152EME REGIMENT D&rsquo;INFANTERIE<\/h2>\n\n\n\n<p><a href=\"https:\/\/www.sengager.fr\/regiments\/152e-regiment-dinfanterie\">152e r\u00e9giment d&rsquo;infanterie | Sengager.fr<\/a><\/p>\n\n\n\n<p>Le 152 r\u00e9giment d&rsquo;infanterie (152 RI) est un<strong>&nbsp;r\u00e9giment d&rsquo;infanterie de l&rsquo;Arm\u00e9e de terre fran\u00e7aise<\/strong>&nbsp;cr\u00e9\u00e9 sous la R\u00e9volution \u00e0 partir de la 152 demi-brigade de premi\u00e8re formation.&nbsp;Il est bas\u00e9 \u00e0 Colmar.<\/p>\n<\/div>\n<\/div>\n\n\n\n<div class=\"wp-block-columns is-layout-flex wp-container-core-columns-is-layout-9d6595d7 wp-block-columns-is-layout-flex\">\n<div class=\"wp-block-column is-layout-flow wp-block-column-is-layout-flow\" style=\"flex-basis:33.33%\">\n<figure class=\"wp-block-image size-full\"><img loading=\"lazy\" decoding=\"async\" width=\"400\" height=\"300\" src=\"https:\/\/adhonores.alsace\/wp-content\/uploads\/2024\/03\/ACE.jpg\" alt=\"\" class=\"wp-image-2016\" srcset=\"https:\/\/adhonores.alsace\/wp-content\/uploads\/2024\/03\/ACE.jpg 400w, https:\/\/adhonores.alsace\/wp-content\/uploads\/2024\/03\/ACE-300x225.jpg 300w\" sizes=\"auto, (max-width: 400px) 100vw, 400px\" \/><\/figure>\n<\/div>\n\n\n\n<div class=\"wp-block-column is-layout-flow wp-block-column-is-layout-flow\" style=\"flex-basis:66.66%\">\n<h2 class=\"wp-block-heading\">COLLECTIVITE EUROPEENNE ALSACE<\/h2>\n\n\n\n<p><a href=\"https:\/\/www.alsace.eu\/\">www.alsace.eu\/<\/a><\/p>\n<\/div>\n<\/div>\n\n\n\n<div class=\"wp-block-columns is-layout-flex wp-container-core-columns-is-layout-9d6595d7 wp-block-columns-is-layout-flex\">\n<div class=\"wp-block-column is-layout-flow wp-block-column-is-layout-flow\" style=\"flex-basis:33.33%\">\n<figure class=\"wp-block-image size-full\"><img loading=\"lazy\" decoding=\"async\" width=\"400\" height=\"300\" src=\"https:\/\/adhonores.alsace\/wp-content\/uploads\/2024\/03\/GLF.jpg\" alt=\"\" class=\"wp-image-2019\" srcset=\"https:\/\/adhonores.alsace\/wp-content\/uploads\/2024\/03\/GLF.jpg 400w, https:\/\/adhonores.alsace\/wp-content\/uploads\/2024\/03\/GLF-300x225.jpg 300w\" sizes=\"auto, (max-width: 400px) 100vw, 400px\" \/><\/figure>\n<\/div>\n\n\n\n<div class=\"wp-block-column is-layout-flow wp-block-column-is-layout-flow\" style=\"flex-basis:66.66%\">\n<h2 class=\"wp-block-heading\">GLF FORMATION<\/h2>\n\n\n\n<p><a href=\"http:\/\/www.glfformation.fr\/\">www.glfformation.fr<\/a><\/p>\n<\/div>\n<\/div>\n\n\n\n<div class=\"wp-block-columns is-layout-flex wp-container-core-columns-is-layout-9d6595d7 wp-block-columns-is-layout-flex\">\n<div class=\"wp-block-column is-layout-flow wp-block-column-is-layout-flow\" style=\"flex-basis:33.33%\">\n<figure class=\"wp-block-image size-full\"><img loading=\"lazy\" decoding=\"async\" width=\"400\" height=\"300\" src=\"https:\/\/adhonores.alsace\/wp-content\/uploads\/2024\/11\/CASDEN.jpg\" alt=\"\" class=\"wp-image-2204\" srcset=\"https:\/\/adhonores.alsace\/wp-content\/uploads\/2024\/11\/CASDEN.jpg 400w, https:\/\/adhonores.alsace\/wp-content\/uploads\/2024\/11\/CASDEN-300x225.jpg 300w\" sizes=\"auto, (max-width: 400px) 100vw, 400px\" \/><\/figure>\n<\/div>\n\n\n\n<div class=\"wp-block-column is-layout-flow wp-block-column-is-layout-flow\" style=\"flex-basis:66.66%\">\n<h2 class=\"wp-block-heading\">CASDEN<\/h2>\n\n\n\n<p><a href=\"https:\/\/www.casden.fr\/\">www.casden.fr<\/a><\/p>\n<\/div>\n<\/div>\n\n\n\n<div class=\"wp-block-columns is-layout-flex wp-container-core-columns-is-layout-9d6595d7 wp-block-columns-is-layout-flex\">\n<div class=\"wp-block-column is-layout-flow wp-block-column-is-layout-flow\" style=\"flex-basis:33.33%\">\n<figure class=\"wp-block-image size-full\"><img loading=\"lazy\" decoding=\"async\" width=\"400\" height=\"300\" src=\"https:\/\/adhonores.alsace\/wp-content\/uploads\/2024\/11\/BANQUE-MUTUALISTE.jpg\" alt=\"\" class=\"wp-image-2206\" srcset=\"https:\/\/adhonores.alsace\/wp-content\/uploads\/2024\/11\/BANQUE-MUTUALISTE.jpg 400w, https:\/\/adhonores.alsace\/wp-content\/uploads\/2024\/11\/BANQUE-MUTUALISTE-300x225.jpg 300w\" sizes=\"auto, (max-width: 400px) 100vw, 400px\" \/><\/figure>\n<\/div>\n\n\n\n<div class=\"wp-block-column is-layout-flow wp-block-column-is-layout-flow\" style=\"flex-basis:66.66%\">\n<h2 class=\"wp-block-heading\">BANQUE MUTUALISTE<\/h2>\n\n\n\n<p><a href=\"https:\/\/banquefrancaisemutualiste.fr\">www.banquefrancaisemutualiste.fr<\/a><\/p>\n<\/div>\n<\/div>\n","protected":false},"excerpt":{"rendered":"<p>CADETS &#8211; PARTENAIRES REGION GRAND EST www.grandest.fr BARRAL TECHNOLOGIES 5 avenue de la Gare &#8211; 68250 Rouffach www.barral-technologies.com Barral d\u00e9veloppe une gamme de solutions textiles de filtration qui vous prot\u00e8geront dans toutes les situations. Nous sommes&nbsp;six entrepreneurs&nbsp;qui se sont mobilis\u00e9s en 2020 pour r\u00e9pondre \u00e0 la demande massive de masques barri\u00e8res dans le cadre de [&hellip;]<\/p>\n","protected":false},"author":1,"featured_media":0,"parent":0,"menu_order":0,"comment_status":"closed","ping_status":"closed","template":"page-templates\/page-full-width.php","meta":{"footnotes":""},"class_list":["post-62","page","type-page","status-publish","hentry"],"_links":{"self":[{"href":"https:\/\/adhonores.alsace\/index.php\/wp-json\/wp\/v2\/pages\/62","targetHints":{"allow":["GET"]}}],"collection":[{"href":"https:\/\/adhonores.alsace\/index.php\/wp-json\/wp\/v2\/pages"}],"about":[{"href":"https:\/\/adhonores.alsace\/index.php\/wp-json\/wp\/v2\/types\/page"}],"author":[{"embeddable":true,"href":"https:\/\/adhonores.alsace\/index.php\/wp-json\/wp\/v2\/users\/1"}],"replies":[{"embeddable":true,"href":"https:\/\/adhonores.alsace\/index.php\/wp-json\/wp\/v2\/comments?post=62"}],"version-history":[{"count":27,"href":"https:\/\/adhonores.alsace\/index.php\/wp-json\/wp\/v2\/pages\/62\/revisions"}],"predecessor-version":[{"id":2207,"href":"https:\/\/adhonores.alsace\/index.php\/wp-json\/wp\/v2\/pages\/62\/revisions\/2207"}],"wp:attachment":[{"href":"https:\/\/adhonores.alsace\/index.php\/wp-json\/wp\/v2\/media?parent=62"}],"curies":[{"name":"wp","href":"https:\/\/api.w.org\/{rel}","templated":true}]}}